{"id":71,"date":"2023-09-20T15:11:06","date_gmt":"2023-09-20T13:11:06","guid":{"rendered":"https:\/\/nxtec.de\/?page_id=71"},"modified":"2023-09-20T15:11:06","modified_gmt":"2023-09-20T13:11:06","slug":"bonus-neobet","status":"publish","type":"page","link":"https:\/\/nxtec.de\/pl\/neobet-bonus\/","title":{"rendered":"Bonus i recenzja zak\u0142ad\u00f3w sportowych Neobet"},"content":{"rendered":"<p>Dopiero po spe\u0142nieniu warunk\u00f3w bonusu mo\u017cesz wyp\u0142aci\u0107 bonus i wygrane. W sumie w przypadku obu bonus\u00f3w masz sto dni na obstawienie kwoty bonusu i kwoty depozytu 5 razy po minimalnym kursie 1,50. Je\u015bli przeliczysz go pi\u0119\u0107 razy, otrzymasz w sumie 1500 \u20ac.<\/p>\n\n\n\n<p>Chocia\u017c Neobet jest stosunkowo nowym bukmacherem, nie musi si\u0119 ba\u0107 por\u00f3wna\u0144 z uznanymi dostawcami zak\u0142ad\u00f3w. Mo\u017cna osi\u0105gn\u0105\u0107 doskona\u0142e kursy, zw\u0142aszcza obstawiaj\u0105c faworyt\u00f3w.<\/p>\n\n\n\n<p>Tutaj mo\u017cna niemal odnie\u015b\u0107 wra\u017cenie, \u017ce s\u0105 to ceny gie\u0142dowe. Poniewa\u017c mo\u017cesz \u015bledzi\u0107 dok\u0142adn\u0105 warto\u015b\u0107 wyp\u0142aty co do sekundy na wykresie. Je\u015bli chcesz wcze\u015bniej zako\u0144czy\u0107 zak\u0142ad na \u017cywo w NeoBet, oto bardzo przydatne narz\u0119dzie, kt\u00f3re mo\u017ce to zrobi\u0107. Tak, mo\u017cesz w tym celu skorzysta\u0107 z aplikacji NEO.bet na iOS lub Androida. Alternatywnie aplikacja mobilna jest dost\u0119pna r\u00f3wnie\u017c bezpo\u015brednio w przegl\u0105darce i bez konieczno\u015bci pobierania.<\/p>\n\n\n\n<h2 class=\"wp-block-heading\"><strong>Wyp\u0142aty<\/strong><\/h2>\n\n\n\n<p>Bonus Neobet jest dost\u0119pny tylko dla nowych klient\u00f3w zamieszka\u0142ych w Niemczech, Austrii, Holandii lub Luksemburgu. Niekt\u00f3rzy bukmacherzy udost\u0119pniaj\u0105 swoim klientom transmisje na \u017cywo, kt\u00f3re s\u0105 bezp\u0142atne i legalne.<\/p>\n\n\n\n<p>Innowacj\u0119 mo\u017cna zaobserwowa\u0107 w aspekcie technicznym. Jest to spersonalizowany zak\u0142ad sportowy, kt\u00f3ry NEO.bet mo\u017ce zaprojektowa\u0107 samodzielnie, korzystaj\u0105c z kilku opcji.<\/p>\n\n\n\n<p>Je\u015bli chodzi o bonusy bukmacherskie, Neo.bet nie ogranicza si\u0119 do jednej oferty, ale oferuje dwa warianty do wyboru. Bundesliga w Niemczech jest oferowana z kursem oko\u0142o dziewi\u0119\u0107dziesi\u0119ciu dw\u00f3ch procent. Kluczowe kursy w niemieckiej lidze hokeja na lodzie DEL s\u0105 w podobnym obszarze. Otrzymasz wygrane ze swoich typ\u00f3w bukmacherskich z lepszymi kursami zak\u0142ad\u00f3w na prawdziwe pieni\u0105dze. Mo\u017cesz zatem swobodnie korzysta\u0107 ze swoich nowych \u015brodk\u00f3w na zak\u0142ady. Tak, NEO.bet oferuje bonus powitalny 200% przy pierwszym depozycie w wysoko\u015bci od 10 \u20ac do 25 \u20ac.<\/p>\n\n\n\n<p>Maksymalny okres wynosi sto dni i dlatego jest do\u015b\u0107 hojny. Klienci mog\u0105 wyp\u0142aci\u0107 zar\u00f3wno bonus, jak i osi\u0105gni\u0119te wygrane. Bukmacher Neobet istnieje na rynku zak\u0142ad\u00f3w bukmacherskich od niedawna i zapewne nadal jest nieznany wi\u0119kszo\u015bci graczy. Neobet zosta\u0142 za\u0142o\u017cony w 2018 roku i posiada wa\u017cn\u0105 licencj\u0119 na zak\u0142ady sportowe wydan\u0105 w Hesji, aby m\u00f3c oferowa\u0107 zak\u0142ady sportowe w Niemczech. Dostawca zak\u0142ad\u00f3w bukmacherskich na pierwszy rzut oka robi bardzo dobre wra\u017cenie, zw\u0142aszcza, \u017ce dla nowych klient\u00f3w dost\u0119pne s\u0105 dwie r\u00f3\u017cne oferty NeobetBonus. Po rejestracji nowi klienci NEO.bet mog\u0105 wybiera\u0107 pomi\u0119dzy dwiema r\u00f3\u017cnymi ofertami powitalnymi w postaci bonusu bukmacherskiego na zak\u0142ady sportowe. Z jednej strony dost\u0119pny jest Bonus Startowy NEO.bet, kt\u00f3ry polecany jest dla pocz\u0105tkuj\u0105cych lub klient\u00f3w chc\u0105cych przetestowa\u0107 ofert\u0119 NEO.bet.<\/p>\n\n\n\n<h2 class=\"wp-block-heading\"><strong>Czy mog\u0119 usun\u0105\u0107 bonus Neo Bet?<\/strong><\/h2>\n\n\n\n<p>W drugim kroku musi zdecydowa\u0107 si\u0119 na bonus dla nowego klienta i aktywowa\u0107 go przy pierwszym depozycie. Masz sto dni na wydanie w sumie 375 euro. Kiedy ju\u017c to zrobisz, mo\u017cesz by\u0107 szcz\u0119\u015bliwy i otrzyma\u0107 du\u017c\u0105 sum\u0119. Kliknij link bonusowy i zarejestruj si\u0119 na NEO.bet. Tutaj mo\u017cesz znale\u017a\u0107 wszystkich bukmacher\u00f3w znajduj\u0105cych si\u0119 na bia\u0142ej li\u015bcie samorz\u0105du regionalnego.<\/p>\n\n\n\n<p>Bonus powitalny 200% NeoBet na pocz\u0105tek ma to wszystko. Niemniej jednak Neo.bet ma r\u00f3wnie\u017c w\u0142asn\u0105 aplikacj\u0119 na Androida, kt\u00f3ra oferuje nieco lepsz\u0105 jako\u015b\u0107 w tym czy innym miejscu. Powinni z tego skorzysta\u0107 zw\u0142aszcza u\u017cytkownicy Androida, kt\u00f3rzy cz\u0119sto obstawiaj\u0105 zak\u0142ady na urz\u0105dzeniach mobilnych. Ale wszyscy inni r\u00f3wnie\u017c s\u0105 dobrze obs\u0142ugiwani przez ofert\u0119 mobiln\u0105.<\/p>\n\n\n\n<p>Stawka nie powinna zatem przekracza\u0107 tej kwoty. Gdyby tak si\u0119 sta\u0142o, na poczet wdro\u017cenia nadal naliczane by\u0142oby jedynie 50 euro. Oferta ta jest wa\u017cna dla nowych klient\u00f3w zamieszka\u0142ych na terenie Niemiec, Austrii, Holandii, Luksemburga i Finlandii.<\/p>\n\n\n\n<p>Je\u015bli jednak chodzi o same metody p\u0142atno\u015bci, to niestety brakuje nam popularnego serwisu p\u0142atniczego PayPal. Nadal nie jest jasne, czy i kiedy NeoBet zdecyduje si\u0119 na w\u0142\u0105czenie PayPal jako dostawcy zak\u0142ad\u00f3w do programu. Jednak\u017ce, poniewa\u017c Paysafecard niedawno zacz\u0105\u0142 oferowa\u0107 zak\u0142ady sportowe, mo\u017cliwe, \u017ce zostan\u0105 dodane popularne us\u0142ugi e-portfela, takie jak PayPal czy EcoPayz. Szczeg\u00f3lnie w krajach niemieckoj\u0119zycznych te opcje depozyt\u00f3w s\u0105 dla wielu fan\u00f3w zak\u0142ad\u00f3w nieodzown\u0105 cz\u0119\u015bci\u0105 ka\u017cdego dostawcy zak\u0142ad\u00f3w. Neocoinami mo\u017cna obstawia\u0107 w NeoBet zar\u00f3wno w zak\u0142adach sportowych, jak i w innych obszarach. Jak wygl\u0105da ca\u0142a sprawa z zak\u0142adami sportowymi, mo\u017cecie zobaczy\u0107 na zrzucie ekranu powy\u017cej. Po z\u0142o\u017ceniu depozytu i obstawieniu zak\u0142ad\u00f3w w Neocoin oraz uznaniu, \u017ce zak\u0142ady sportowe NeoBet s\u0105 dobre, mo\u017cesz przyst\u0105pi\u0107 do wp\u0142acania prawdziwych pieni\u0119dzy.<\/p>\n\n\n\n<p>Je\u015bli potrzebujesz bezpo\u015bredniej pomocy z Neobetem, mo\u017cesz oczywi\u015bcie skorzysta\u0107 tak\u017ce z czatu na \u017cywo. Ten dostawca zak\u0142ad\u00f3w online ma r\u00f3wnie\u017c obszern\u0105 sekcj\u0119 FAQ zawieraj\u0105c\u0105 wiele og\u00f3lnych pyta\u0144. Kwot\u0119 depozytu i bonusu nale\u017cy obr\u00f3ci\u0107 w sumie 5 razy po minimalnym kursie 1,50, zanim b\u0119dzie mo\u017cna rozpocz\u0105\u0107 wyp\u0142at\u0119. Aplikacja Neobet jest r\u00f3wnie\u017c doskona\u0142a i z \u0142atwo\u015bci\u0105 przy\u0107miewa wi\u0119kszo\u015b\u0107 dostawc\u00f3w.<\/p>\n\n\n\n<h2 class=\"wp-block-heading\"><strong>Jakim warunkom podlega bonus?<\/strong><\/h2>\n\n\n\n<p>Najlepszy strzelec w dowolnym momencie, wygrana z zerem, gole w obu po\u0142owach, zdobywca pierwszego punktu i dru\u017cyna, kt\u00f3ra zdob\u0119dzie pierwsz\u0105 bramk\u0119. Dok\u0142adne rynki b\u0119d\u0105 oczywi\u015bcie dostosowane do danego sportu, ale niezale\u017cnie od tego, jaki to sport, b\u0119dziesz mia\u0142 mn\u00f3stwo opcji do wyboru. W przeciwie\u0144stwie do wielu witryn hazardowych online, NEO.bet nie posiada kasyna. Oferuj\u0105 jednak bardzo imponuj\u0105ce portfolio zak\u0142ad\u00f3w sportowych, kt\u00f3re zawiera dodatkowe funkcje i konkurencyjny bonus powitalny. Dodatkowo NEO.bet umo\u017cliwia u\u017cytkownikom obstawianie co miesi\u0105c imponuj\u0105cej gamy 9000 wydarze\u0144 sportowych na \u017cywo z szerokiej gamy dyscyplin sportowych.<\/p>\n\n\n\n<p>Po wygraniu napiwku podwy\u017cszaj\u0105cego szanse, kwota zostanie przelana na Twoje konto Neobet w prawdziwych pieni\u0105dzach. Teraz mo\u017cesz sam zdecydowa\u0107, czy chcesz dalej obstawia\u0107 zak\u0142ady, czy te\u017c pieni\u0105dze trafi\u0105 bezpo\u015brednio na Twoje konto bankowe. Ca\u0142\u0105 kwot\u0119 mo\u017cesz swobodnie wykorzysta\u0107 i mie\u0107 j\u0105 w swoich r\u0119kach. Je\u015bli chodzi o promocje, w NEObet jeste\u015b w r\u0119kach dostawcy zak\u0142ad\u00f3w, kt\u00f3ry zawsze zapewni Ci rozrywk\u0119 i zawsze wprowadzi na rynek \u015bwietne promocje. Nierzadko zdarza si\u0119, \u017ce darmowe zak\u0142ady s\u0105 dost\u0119pne bez depozytu.<\/p>\n\n\n\n<p>Standardy bezpiecze\u0144stwa s\u0105 wysokie, uwzgl\u0119dniono ochron\u0119 dzieci, ochron\u0119 danych i uzale\u017cnienie od gier, wszystko jest certyfikowane przez T\u00dcV i jeste\u015b aktywny w sieciach spo\u0142eczno\u015bciowych. Oczywi\u015bcie oficjalna licencja na NEO.bet r\u00f3wnie\u017c pochodzi z Malty, co jest powi\u0105zane z niemieckim ustawodawstwem. W zasadzie nic nie wydaje si\u0119 przemawia\u0107 przeciwko Neobetowi. Oferta zak\u0142ad\u00f3w NEO.bet jest zr\u00f3\u017cnicowana, ale nie tak obszerna, jak wielu innych dostawc\u00f3w zak\u0142ad\u00f3w.<\/p>\n\n\n\n<h2 class=\"wp-block-heading\"><strong>W ten spos\u00f3b zabezpieczasz 300 euro \u015brodk\u00f3w na zak\u0142ady<\/strong><\/h2>\n\n\n\n<p>Wskazuj\u0105 okres, minimalny depozyt i cz\u0119stotliwo\u015b\u0107 realizacji bonusu Neo Bet. Podobnie jak w przypadku bonusu powitalnego, nie musisz wpisywa\u0107 kodu promocyjnego Neo Bet. Daje to wszystkim graczom mo\u017cliwo\u015b\u0107 odkupienia. Aby zabezpieczy\u0107 dodatkowy bonus w wysoko\u015bci do 100% do 150 \u20ac, powiniene\u015b zapozna\u0107 si\u0119 z wymaganiami dotycz\u0105cymi zak\u0142ad\u00f3w Neo Bet. Bonus powitalny Neo Bet jest zach\u0119t\u0105 do rejestracji.Oferty i szanse na wygran\u0105 mo\u017cna sprawdzi\u0107 przy niskim ryzyku, do\u0142adowuj\u0105c pierwszy depozyt. Og\u00f3lnie rzecz bior\u0105c, dostawca zak\u0142ad\u00f3w bukmacherskich ma dobr\u0105 pozycj\u0119, je\u015bli chodzi o premi\u0119 NEObet dla istniej\u0105cych klient\u00f3w.<\/p>\n\n\n\n<p>Opr\u00f3cz pe\u0142nej wyp\u0142aty, Neobet oferuje r\u00f3wnie\u017c opcj\u0119 cz\u0119\u015bciowej lub cz\u0119\u015bciowej wyp\u0142aty. Je\u015bli chcesz z tego skorzysta\u0107, po prostu otw\u00f3rz obszar p\u0142atno\u015bci i wybierz NeoCoin zamiast Euro. Mo\u017cesz teraz przenie\u015b\u0107 walut\u0119 treningow\u0105 i zacz\u0105\u0107 bez \u017cadnego ryzyka. Pomaga to szczeg\u00f3lnie pocz\u0105tkuj\u0105cym zrozumie\u0107, jak dzia\u0142a ka\u017cdy rodzaj zak\u0142ad\u00f3w. Aplikacja bukmacherska Neobet to jedna z najwi\u0119kszych zalet niemieckiego bukmachera. Poniewa\u017c zar\u00f3wno na urz\u0105dzeniach z Androidem, jak i iOS, mo\u017cesz cieszy\u0107 si\u0119 doskona\u0142\u0105 obs\u0142ug\u0105 zak\u0142ad\u00f3w sportowych na tabletach i smartfonach. NEO.bet to niemiecki dostawca zak\u0142ad\u00f3w bukmacherskich, kt\u00f3ry dzia\u0142a na rynku zak\u0142ad\u00f3w sportowych dopiero od 2018 roku.<\/p>\n\n\n\n<ul class=\"wp-block-list\">\n<li>Kluczowe kursy w niemieckiej lidze hokeja na lodzie DEL s\u0105 w podobnym obszarze.<\/li>\n\n\n\n<li>Przede wszystkim nale\u017cy wspomnie\u0107, \u017ce jest to innowacyjna oferta z Niemiec z szerok\u0105 gam\u0105 zak\u0142ad\u00f3w sportowych i dobrymi kursami.<\/li>\n\n\n\n<li>Je\u015bli obstawiasz co najmniej dwa mecze, zwyk\u0142y podatek od zak\u0142ad\u00f3w nie ma zastosowania.<\/li>\n\n\n\n<li>Wizualnie NeoBet dzia\u0142a szczeg\u00f3lnie dobrze na smartfonie lub tablecie.<\/li>\n\n\n\n<li>Szczeg\u00f3lnie w przypadku zak\u0142ad\u00f3w \u0142\u0105czonych pocz\u0105tkuj\u0105cym trudno jest samodzielnie okre\u015bli\u0107 kursy, ale na szcz\u0119\u015bcie w przypadku Neo Bet nie jest to konieczne.<\/li>\n<\/ul>\n\n\n\n<p>Ponadto do wymaga\u0144 sprzeda\u017cy wliczaj\u0105 si\u0119 wy\u0142\u0105cznie zak\u0142ady o kursie 1,50 lub wy\u017cszym. Je\u015bli potrzebujesz kilku wskaz\u00f3wek, kt\u00f3re zak\u0142ady mog\u0105 by\u0107 op\u0142acalne, zapoznaj si\u0119 z naszymi wskaz\u00f3wkami dotycz\u0105cymi zak\u0142ad\u00f3w. Alternatyw\u0105 dla bonusu startowego jest bonus profesjonalny, kt\u00f3ry oferuje bonus 100% przy pierwszym depozycie do kwoty stu pi\u0119\u0107dziesi\u0119ciu euro. P\u0142atno\u015bci mo\u017cna tutaj dokona\u0107 wy\u0142\u0105cznie przy u\u017cyciu karty kredytowej, przelewu natychmiastowego lub karty Paysafecard. Wp\u0142aty za pomoc\u0105 e-portfeli, takich jak Skrill lub Neteller, s\u0105 wy\u0142\u0105czone z bonusu. Obydwa bonusy s\u0105 warte pi\u0119ciokrotno\u015b\u0107 ca\u0142kowitej wp\u0142aconej kwoty.<\/p>\n\n\n\n<p>Aby to zrobi\u0107, przewi\u0144 w d\u00f3\u0142 i kliknij \u201eWarunki bonus\u00f3w\u201d (w zak\u0142adce \u201eInformacje\u201d). Ka\u017cdy, kto zarejestruje si\u0119 jako nowy klient w NEO.bet, ma do wyboru dwie r\u00f3\u017cne oferty bonusowe. Podamy Ci kr\u00f3tki przewodnik, jak w ko\u0144cu skorzysta\u0107 z wybranego przez Ciebie bonusu Neobet. W przeciwie\u0144stwie do wielu innych dostawc\u00f3w, Neobet oferuje dwa r\u00f3\u017cne bonusy, spo\u015br\u00f3d kt\u00f3rych mo\u017cesz wybiera\u0107 jako nowy klient. Bukmacher rozr\u00f3\u017cnia bonus startowy i bonus profesjonalny. Mo\u017cesz przeczyta\u0107, jak godne polecenia s\u0105 one w naszej recenzji bonus\u00f3w Neobet poni\u017cej. Nasze wydajno\u015bciowe pliki cookie gromadz\u0105 informacje o sposobie korzystania z naszej witryny.<\/p>\n\n\n\n<h2 class=\"wp-block-heading\">NEO Prime<\/h2>\n\n\n\n<p>Neobet wymaga 5-krotnego obstawienia kwoty depozytu i bonusu w zak\u0142adach sportowych. Po z\u0142o\u017ceniu depozytu kwota depozytu zostanie natychmiast przelana na Twoje konto. Jednocze\u015bnie NEO.bet automatycznie zapisze Ci t\u0119 sam\u0105 kwot\u0119 jako bonus<\/p>","protected":false},"excerpt":{"rendered":"<p>Dopiero po spe\u0142nieniu warunk\u00f3w bonusu mo\u017cesz wyp\u0142aci\u0107 bonus i wygrane. W sumie w przypadku obu bonus\u00f3w masz sto dni na obstawienie kwoty bonusu i kwoty depozytu 5 razy po minimalnym kursie 1,50. Je\u015bli przeliczysz go pi\u0119\u0107 razy, otrzymasz w sumie 1500 \u20ac. Chocia\u017c Neobet jest stosunkowo nowym bukmacherem\u2026<\/p>","protected":false},"author":1,"featured_media":0,"parent":0,"menu_order":0,"comment_status":"closed","ping_status":"closed","template":"","meta":{"footnotes":""},"class_list":["post-71","page","type-page","status-publish","hentry"],"_links":{"self":[{"href":"https:\/\/nxtec.de\/pl\/wp-json\/wp\/v2\/pages\/71","targetHints":{"allow":["GET"]}}],"collection":[{"href":"https:\/\/nxtec.de\/pl\/wp-json\/wp\/v2\/pages"}],"about":[{"href":"https:\/\/nxtec.de\/pl\/wp-json\/wp\/v2\/types\/page"}],"author":[{"embeddable":true,"href":"https:\/\/nxtec.de\/pl\/wp-json\/wp\/v2\/users\/1"}],"replies":[{"embeddable":true,"href":"https:\/\/nxtec.de\/pl\/wp-json\/wp\/v2\/comments?post=71"}],"version-history":[{"count":1,"href":"https:\/\/nxtec.de\/pl\/wp-json\/wp\/v2\/pages\/71\/revisions"}],"predecessor-version":[{"id":72,"href":"https:\/\/nxtec.de\/pl\/wp-json\/wp\/v2\/pages\/71\/revisions\/72"}],"wp:attachment":[{"href":"https:\/\/nxtec.de\/pl\/wp-json\/wp\/v2\/media?parent=71"}],"curies":[{"name":"wp","href":"https:\/\/api.w.org\/{rel}","templated":true}]}}