{"id":68,"date":"2023-09-20T14:57:25","date_gmt":"2023-09-20T12:57:25","guid":{"rendered":"https:\/\/nxtec.de\/?page_id=68"},"modified":"2023-09-29T10:13:49","modified_gmt":"2023-09-29T08:13:49","slug":"neobet-mobilny","status":"publish","type":"page","link":"https:\/\/nxtec.de\/pl\/neobet-mobile\/","title":{"rendered":"Pobieranie aplikacji Neobet do obstawiania zak\u0142ad\u00f3w mobilnych"},"content":{"rendered":"<p>Kilku dostawc\u00f3w zak\u0142ad\u00f3w bukmacherskich oferuje r\u00f3wnie\u017c bezpo\u015brednie pobieranie za po\u015brednictwem strony internetowej na urz\u0105dzenia z systemem Android. Aby instalacja przebieg\u0142a pomy\u015blnie nale\u017cy najpierw zmieni\u0107 ustawienia swojego urz\u0105dzenia. W naszym przewodniku po dostawcach zak\u0142ad\u00f3w bukmacherskich poka\u017cemy Ci, jak to dzia\u0142a.<\/p>\n\n\n\n<p>Fani zak\u0142ad\u00f3w kombinowanych mog\u0105 si\u0119 tego spodziewa\u0107 na NEO.wager. Jednak\u017ce w przypadku zak\u0142ad\u00f3w pojedynczych nale\u017cy si\u0119 spodziewa\u0107 zwyk\u0142ego podatku od zak\u0142ad\u00f3w 5%, kt\u00f3ry zostanie odliczony bezpo\u015brednio od Twojej wygranej. Dzi\u0119ki NEO.guess otwiera swoje drzwi obiecuj\u0105cy nowicjusz. M\u0142ody dostawca zak\u0142ad\u00f3w bukmacherskich istnieje na rynku dopiero od 2018 roku i wci\u0105\u017c ma wiele do zaoferowania. Opr\u00f3cz szerokiej gamy opcji zak\u0142ad\u00f3w i hojnego bonusu powitalnego, inteligentna aplikacja szczeg\u00f3lnie przyci\u0105ga wzrok. Jako pakiet startowy dost\u0119pny jest bonus 200 procent a\u017c do 50 euro. Je\u015bli wi\u0119c na pocz\u0105tek wp\u0142acisz 25 euro, mo\u017cesz spodziewa\u0107 si\u0119 kolejnych 50 euro w postaci \u015brodk\u00f3w bonusowych.<\/p>\n\n\n\n<p>Dzi\u0119ki temu mo\u017cliwe jest tak\u017ce skorzystanie z ulubionych typ\u00f3w i u\u0142atwienie przej\u015bcia na inny typ. Kolejnym plusem jest fakt, \u017ce wystarczy obstawi\u0107 bonus i dokona\u0107 wp\u0142aty w sumie pi\u0119\u0107 razy. Bonusowy okres 100 dni jest bardzo przyjazny dla klienta. Je\u015bli cenisz sobie mo\u017cliwie najwi\u0119ksz\u0105 ofert\u0119 zak\u0142ad\u00f3w, zdecydowanie powiniene\u015b zainteresowa\u0107 si\u0119 aplikacj\u0105 Unibet. Je\u015bli zdoby\u0142e\u015b ju\u017c pewne do\u015bwiadczenie w zak\u0142adach sportowych i chcesz zrobi\u0107 kolejny krok, to aplikacja bet365 jest dla Ciebie. Bardzo du\u017cy program zak\u0142ad\u00f3w jest przejrzy\u015bcie przedstawiony, aplikacja jest stabilna technicznie i posiada wiele funkcji i promocji dost\u0119pnych dla obecnych klient\u00f3w. Je\u015bli przeczyta\u0142e\u015b ten artyku\u0142, b\u0119dziesz wiedzia\u0142 wszystko, czego potrzebujesz, aby obstawia\u0107 szybko i bezpiecznie dzi\u0119ki aplikacji NEO.Bet.<\/p>\n\n\n\n<h2 class=\"wp-block-heading\" id=\"toc-0\">Czy dostawcy zak\u0142ad\u00f3w oferuj\u0105 wszystkie funkcje na smartfonie?<\/h2>\n\n\n\n<p>Zak\u0142ad kombinowany musi zatem obejmowa\u0107 selekcje dotycz\u0105ce r\u00f3\u017cnych pojedynk\u00f3w. Chocia\u017c w tym miejscu trzeba wyra\u017anie zaznaczy\u0107, \u017ce Neobet nie jest jeszcze w stanie dotrzyma\u0107 kroku elicie w bran\u017cy zak\u0142ad\u00f3w sportowych. Najlepsze psy w bran\u017cy odkrywaj\u0105 wi\u0119cej rynk\u00f3w dla najwa\u017cniejszych wydarze\u0144. Opr\u00f3cz zwyk\u0142ych opcji p\u0142atno\u015bci, takich jak VISA\/Mastercard, przelew bankowy i e-portfele, szczeg\u00f3lnie interesuj\u0105c\u0105 opcj\u0105 p\u0142atno\u015bci jest Neocoin. Nie jest to jednak kryptowaluta NEO Coin, kt\u00f3r\u0105 by\u0107 mo\u017ce znasz ju\u017c od jednego lub dw\u00f3ch bukmacher\u00f3w Bitcoin. Poni\u017cej wyja\u015bnimy Ci na czym polega Neocoin od NeoBet.<\/p>\n\n\n\n<p>Oferta bonusowa zosta\u0142a celowo zaprojektowana tak, aby zar\u00f3wno pocz\u0105tkuj\u0105cy, jak i profesjonali\u015bci mogli znale\u017a\u0107 odpowiedni\u0105 ofert\u0119. Aby dokona\u0107 wyp\u0142aty, mo\u017cesz skorzysta\u0107 wy\u0142\u0105cznie z metody p\u0142atno\u015bci, kt\u00f3rej u\u017cy\u0142e\u015b ju\u017c do z\u0142o\u017cenia depozytu u dostawcy zak\u0142ad\u00f3w. Jest to zazwyczaj metoda p\u0142atno\u015bci u\u017cyta do wykorzystania bonusu. Dlatego aktywuj\u0105c bonus, upewnij si\u0119, \u017ce wybra\u0142e\u015b metod\u0119 p\u0142atno\u015bci, kt\u00f3ra oznacza r\u00f3wnie\u017c, \u017ce mo\u017cesz wyp\u0142aci\u0107 t\u0119 sam\u0105 metod\u0119. Poniewa\u017c niekt\u00f3re metody p\u0142atno\u015bci nie s\u0105 dost\u0119pne do zap\u0142aty ze wzgl\u0119d\u00f3w technicznych.<\/p>\n\n\n\n<p>Poniewa\u017c mo\u017cesz \u015bledzi\u0107 dok\u0142adn\u0105 warto\u015b\u0107 wyp\u0142aty co do sekundy na wykresie. Je\u015bli chcesz wcze\u015bniej zako\u0144czy\u0107 zak\u0142ad na \u017cywo w NeoBet, oto bardzo przydatne narz\u0119dzie, kt\u00f3re mo\u017ce to zrobi\u0107. Klient lub gracz ma wysoki priorytet w Neo Bet. Jest to zauwa\u017calne mi\u0119dzy innymi w obs\u0142udze klienta. Dost\u0119pny jest czat na \u017cywo, us\u0142uga oddzwonienia przez telefon lub e-mail. Niemieckoj\u0119zyczni pracownicy staraj\u0105 si\u0119 odpowiada\u0107 na wszystkie otwarte pytania i rozwi\u0105zywa\u0107 problemy.<\/p>\n\n\n\n<h3 class=\"wp-block-heading\" id=\"toc-1\">Bonus powitalny w aplikacji<\/h3>\n\n\n\n<p>\u017betony bonusowe s\u0105 zbierane zawsze przez okres 30 dni. Nast\u0119pnie program lojalno\u015bciowy rozpoczyna si\u0119 od nowa i mo\u017cesz otrzyma\u0107 nowy bonus za zak\u0142ady za prawdziwe pieni\u0105dze.<\/p>\n\n\n\n<p>Z jednej strony istnieje bonus startowy, dzi\u0119ki kt\u00f3remu mo\u017cesz otrzyma\u0107 a\u017c do 200% swojego pierwszego depozytu jako bonus. Wp\u0142acasz wi\u0119c 25 \u20ac i otrzymujesz kolejne 50 \u20ac w formie bonusu, a zatem zaczynasz od \u0142\u0105cznie 75 \u20ac w Neobet. Wp\u0142acasz 150 \u20ac i otrzymujesz kolejne 150 \u20ac jako bonus. Tak zwany \u201ebonus profesjonalny\u201d jest skierowany bardziej do do\u015bwiadczonych graczy. W ka\u017cdym razie finanse s\u0105 mocn\u0105 stron\u0105 tego bukmachera. Do wp\u0142aty NEO.wager mo\u017cesz u\u017cy\u0107 na przyk\u0142ad przelewu bankowego, Neteller lub Skrill. Mo\u017cesz tak\u017ce korzysta\u0107 z Paysafecard, Apple Pay, Klarna, kart kredytowych, MuchBetter lub Trustly.<\/p>\n\n\n\n<p>Musisz tak\u017ce spe\u0142ni\u0107 wymagania w ci\u0105gu stu dni, w przeciwnym razie bonus zostanie usuni\u0119ty. Oferta bonusowa NEO.bet jest dostosowana do r\u00f3\u017cnych rodzaj\u00f3w zak\u0142ad\u00f3w. Istnieje specjalny bonus dla pocz\u0105tkuj\u0105cych i bonus, kt\u00f3ry jest bardzo odpowiedni dla profesjonalist\u00f3w.<\/p>\n\n\n\n<h2 class=\"wp-block-heading\" id=\"toc-2\">Program lojalno\u015bciowy i promocje w Neo Wager: Czy s\u0105 jakie\u015b oferty dla obecnych klient\u00f3w?<\/h2>\n\n\n\n<p>Od 2021 roku mo\u017cliwe jest pobieranie aplikacji bukmacherskich ze sklepu Google Play. Wcze\u015bniej tak nie by\u0142o, poniewa\u017c Google nie akceptowa\u0142 aplikacji hazardowych. Je\u015bli aplikacja bukmacherska przejdzie kontrol\u0119 bezpiecze\u0144stwa, zostanie dodana do sklepu Google Play. U\u017cytkownicy Androida i iOS mog\u0105 znale\u017a\u0107 aplikacje bezpo\u015brednio w swoich sklepach z aplikacjami na swoich urz\u0105dzeniach mobilnych. Na stronie internetowej Neobet znajduj\u0105 si\u0119 r\u00f3wnie\u017c odpowiednie bezpo\u015brednie linki. Je\u015bli wybrany zak\u0142ad kwalifikuj\u0105cy oka\u017ce si\u0119 przegrany, Twoja stawka zostanie zwr\u00f3cona do wysoko\u015bci 100 euro w formie darmowego zak\u0142adu. Nie jest to jednak czat na \u017cywo, wiadomo\u015b\u0107 wpisujesz offline.<\/p>\n\n\n\n<p>Mo\u017cesz tak\u017ce cieszy\u0107 si\u0119 szerok\u0105 gam\u0105 opcji zak\u0142ad\u00f3w, w przypadku kt\u00f3rych nie musisz nawet p\u0142aci\u0107 podatku od zak\u0142ad\u00f3w kombinowanych. Prawdziw\u0105 atrakcj\u0105 jest aplikacja NEO.wager, dzi\u0119ki kt\u00f3rej obstawianie za pomoc\u0105 smartfona jest jeszcze \u0142atwiejsze. Wyb\u00f3r metody p\u0142atno\u015bci zale\u017cy nie tylko od dost\u0119pno\u015bci, ale tak\u017ce od tego, jak szybko pieni\u0105dze zostan\u0105 przes\u0142ane i jakie op\u0142aty trzeba ui\u015bci\u0107. Zak\u0142adamy, \u017ce ju\u017c nied\u0142ugo za zak\u0142ady sportowe b\u0119dzie mo\u017cna p\u0142aci\u0107 za pomoc\u0105 serwisu PayPal. Opr\u00f3cz szeroko\u015bci programu zak\u0142ad\u00f3w, poziom kurs\u00f3w odgrywa r\u00f3wnie\u017c wa\u017cn\u0105 rol\u0119 przy podejmowaniu decyzji za lub przeciw bukmacherowi. Po prostu wybierz \u017c\u0105dane opcje, a na kuponie natychmiast pojawi\u0105 si\u0119 kombinacje kurs\u00f3w dla wszystkich wydarze\u0144. Je\u015bli omy\u0142kowo wybra\u0142e\u015b dwa przeciwstawne rynki, np.<\/p>\n\n\n\n<p>Niestety, specjalne \u015brodki na start do obstawiania za po\u015brednictwem aplikacji do zak\u0142ad\u00f3w sportowych s\u0105 dost\u0119pne tylko sporadycznie. Zaleca si\u0119, aby zawsze mie\u0107 oczy otwarte na takie oferty, poniewa\u017c nie jeste\u015bmy w stanie przewidzie\u0107, kiedy kt\u00f3ry z bukmacher\u00f3w rozpocznie tak\u0105 promocj\u0119. The <a href=\"https:\/\/www.unibet.com\" data-type=\"link\" data-id=\"https:\/\/www.unibet.com\" target=\"_blank\" rel=\"noopener\">Skandynawski dostawca zak\u0142ad\u00f3w sportowych Unibet<\/a> ma na sobie du\u017co. Dotyczy to r\u00f3wnie\u017c zak\u0142ad\u00f3w mobilnych, a zatem tak\u017ce aplikacji Unibet. U\u017cytkownik mo\u017ce r\u00f3wnie\u017c uzyska\u0107 dobry przegl\u0105d szerokiej gamy opcji zak\u0142ad\u00f3w Unibet na swoim telefonie kom\u00f3rkowym. Na przyk\u0142ad wiele dyscyplin sportowych u\u0142o\u017cono alfabetycznie. Wszystkie dane osobowe s\u0105 szyfrowane wy\u0142\u0105cznie przy u\u017cyciu nowoczesnej technologii SSL, wi\u0119c nieupowa\u017cnione osoby trzecie nie maj\u0105 szans.<\/p>\n\n\n\n<h3 class=\"wp-block-heading\" id=\"toc-3\">Rezydencja Neo Guess<\/h3>\n\n\n\n<p>Kwot\u0119 wyp\u0142aty otrzymasz w ci\u0105gu 24 godzin za po\u015brednictwem dostawcy portfela elektronicznego. Wp\u0142ata na moje konto zak\u0142ad\u00f3w sportowych NEO.bet by\u0142a niezwykle prosta i ju\u017c po kilku chwilach moja kwota wp\u0142aty by\u0142a na moim koncie.<\/p>\n\n\n\n<p>Klient ma zawsze \u015bwiadomo\u015b\u0107, \u017ce bukmacher nie pr\u00f3buje go oszuka\u0107 na temat ewentualnych wygranych przy niskich kursach. Oczywi\u015bcie NEO.bet wie r\u00f3wnie\u017c, \u017ce obstawianie pi\u0142ki no\u017cnej to codzienno\u015b\u0107 ka\u017cdego bukmachera, szczeg\u00f3lnie w Europie. Nic wi\u0119c dziwnego, \u017ce mo\u017cliwa jest szczeg\u00f3lnie du\u017ca liczba zak\u0142ad\u00f3w na pi\u0142k\u0119 no\u017cn\u0105. \u017baden inny sport nie oferuje tak wielu lig i opcji zak\u0142ad\u00f3w, jak gra w sk\u00f3r\u0119.<\/p>\n\n\n\n<ul class=\"wp-block-list\">\n<li>Wa\u017cniejsze jest to, jak \u0142atwo i szybko mo\u017cna przes\u0142a\u0107 napiwek.<\/li>\n\n\n\n<li>Przy ponad 12 MB nie jest wcale taki ma\u0142y, a miejsce na naszym iPhonie jest dla nas \u015bwi\u0119te.<\/li>\n\n\n\n<li>Dzi\u0119ki Sofort\u00fcberweisung przyspieszasz przelew bankowy do czasu rzeczywistego.<\/li>\n\n\n\n<li>Dostawca zak\u0142ad\u00f3w nale\u017c\u0105cy do Greenvest Betting Ltd. jest w\u0142asno\u015bci\u0105 firmy, posiada licencj\u0119 wydan\u0105 na Malcie i dlatego podlega regulacjom Malta\u0144skiego Urz\u0119du ds. Gier.<\/li>\n\n\n\n<li>Jednak ten dostawca jest obiecuj\u0105cym adresem dla fan\u00f3w zak\u0142ad\u00f3w sportowych.<\/li>\n<\/ul>\n\n\n\n<p>Wa\u017cne jest teraz, aby przyjrze\u0107 si\u0119 bli\u017cej, czy klucz przydzia\u0142u NEO.guess osi\u0105ga t\u0119 warto\u015b\u0107. Postawienie zak\u0142adu w NEO.bet jest do\u015b\u0107 \u0142atwe i mo\u017cna to zrobi\u0107 w zaledwie kilku krokach. Poni\u017cej szczeg\u00f3\u0142owo opisano spos\u00f3b zawierania zak\u0142ad\u00f3w w Neobet. Istnieje r\u00f3wnie\u017c mo\u017cliwo\u015b\u0107 skorzystania z kalendarza zak\u0142ad\u00f3w na \u017cywo. wszystkie bie\u017c\u0105ce wydarzenia na \u017cywo lub te z nast\u0119pnych trzech godzin, bie\u017c\u0105cego dnia lub dowolnego dnia. NEO.wager mo\u017cna bez w\u0105tpienia zaliczy\u0107 do bardzo niezawodnych. Strona internetowa jest obs\u0142ugiwana przez Greenvest Betting Ltd.<\/p>\n\n\n\n<h2 class=\"wp-block-heading\" id=\"toc-4\">Popularne metody p\u0142atno\u015bci Neobet:<\/h2>\n\n\n\n<p>U\u0142atwia to tworzenie typ\u00f3w zak\u0142ad\u00f3w sportowych. Je\u015bli chodzi o funkcje, Neo Bet oferuje zak\u0142ady z wyp\u0142at\u0105, zak\u0142ady kombinowane wolne od podatku i konfigurator zak\u0142ad\u00f3w osobistych. Konfigurator zapewnia du\u017c\u0105 elastyczno\u015b\u0107 podczas tworzenia wskaz\u00f3wek. Oferty Neo.bet s\u0105 dost\u0119pne na wszystkie komputery stacjonarne, smartfony i tablety. Portal bukmacherski jest zatem interesuj\u0105cy zar\u00f3wno dla pocz\u0105tkuj\u0105cych, jak i zaawansowanych graczy.<\/p>\n\n\n\n<p>Paypal to tak\u017ce jedna z najpopularniejszych metod p\u0142atno\u015bci w\u015br\u00f3d graczy z bran\u017cy bukmacherskiej. W zwi\u0105zku z tym musisz tak\u017ce mie\u0107 mo\u017cliwo\u015b\u0107 \u0142atwego inicjowania wyp\u0142at na swoim urz\u0105dzeniu mobilnym.<\/p>","protected":false},"excerpt":{"rendered":"<p>Kilku dostawc\u00f3w zak\u0142ad\u00f3w bukmacherskich oferuje r\u00f3wnie\u017c bezpo\u015brednie pobieranie za po\u015brednictwem strony internetowej na urz\u0105dzenia z systemem Android. Aby instalacja przebieg\u0142a pomy\u015blnie nale\u017cy najpierw zmieni\u0107 ustawienia swojego urz\u0105dzenia. W naszym przewodniku po dostawcach zak\u0142ad\u00f3w bukmacherskich poka\u017cemy Ci, jak to dzia\u0142a. Fani zak\u0142ad\u00f3w kombinowanych mog\u0105 si\u0119 tego spodziewa\u0107 na NEO.wager. Jednak w przypadku zak\u0142ad\u00f3w pojedynczych musisz zap\u0142aci\u0107 zwyk\u0142y podatek od zak\u0142ad\u00f3w 5%...<\/p>","protected":false},"author":1,"featured_media":0,"parent":0,"menu_order":0,"comment_status":"closed","ping_status":"closed","template":"","meta":{"footnotes":""},"class_list":["post-68","page","type-page","status-publish","hentry"],"_links":{"self":[{"href":"https:\/\/nxtec.de\/pl\/wp-json\/wp\/v2\/pages\/68","targetHints":{"allow":["GET"]}}],"collection":[{"href":"https:\/\/nxtec.de\/pl\/wp-json\/wp\/v2\/pages"}],"about":[{"href":"https:\/\/nxtec.de\/pl\/wp-json\/wp\/v2\/types\/page"}],"author":[{"embeddable":true,"href":"https:\/\/nxtec.de\/pl\/wp-json\/wp\/v2\/users\/1"}],"replies":[{"embeddable":true,"href":"https:\/\/nxtec.de\/pl\/wp-json\/wp\/v2\/comments?post=68"}],"version-history":[{"count":2,"href":"https:\/\/nxtec.de\/pl\/wp-json\/wp\/v2\/pages\/68\/revisions"}],"predecessor-version":[{"id":83,"href":"https:\/\/nxtec.de\/pl\/wp-json\/wp\/v2\/pages\/68\/revisions\/83"}],"wp:attachment":[{"href":"https:\/\/nxtec.de\/pl\/wp-json\/wp\/v2\/media?parent=68"}],"curies":[{"name":"wp","href":"https:\/\/api.w.org\/{rel}","templated":true}]}}