{"id":6,"date":"2023-09-20T07:42:54","date_gmt":"2023-09-20T07:42:54","guid":{"rendered":"https:\/\/nxtec.de\/?page_id=6"},"modified":"2024-07-12T23:06:15","modified_gmt":"2024-07-12T21:06:15","slug":"home","status":"publish","type":"page","link":"https:\/\/nxtec.de\/pl\/","title":{"rendered":"Kr\u00f3tki przegl\u0105d nowego testu Neobet"},"content":{"rendered":"<p>Teraz Internet jest pe\u0142en r\u00f3\u017cnych recenzji na temat Neobetu, ale niezbyt \u015bwie\u017cych. A wszystko dlatego, \u017ce ten bukmacher dzia\u0142a ju\u017c czwarty rok. R\u00f3wnie\u017c z tego powodu - w zwi\u0105zku z brakiem nowych recenzji, nasi specjali\u015bci postanowili stworzy\u0107 ten test Neobet.<\/p>\n\n\n\n<h2 class=\"wp-block-heading\">O Neobecie<\/h2>\n\n\n\n<p>Neobet to bukmacher internetowy za\u0142o\u017cony w 2018 roku, posiadaj\u0105cy siln\u0105 pozycj\u0119 na rynku zak\u0142ad\u00f3w sportowych. Nowego dostawc\u0119 zak\u0142ad\u00f3w sportowych wspiera zesp\u00f3\u0142 z wieloletnim do\u015bwiadczeniem w bran\u017cy hazardowej.<\/p>\n\n\n\n<p>W ten spos\u00f3b Neobet dok\u0142adnie wie, czego gracze szukaj\u0105 na stronie zak\u0142ad\u00f3w online. Neobet oferuje swoim klientom mo\u017cliwo\u015b\u0107 obstawiania zak\u0142ad\u00f3w sportowych przed meczem i obstawiania zak\u0142ad\u00f3w w czasie rzeczywistym. Ponadto bukmacher oferuje swoim graczom dobre oferty bonusowe.<\/p>\n\n\n\n<figure class=\"wp-block-image\"><img decoding=\"async\" src=\"https:\/\/nxtec.de\/wp-content\/uploads\/2023\/09\/Google-Ads-Display-Banners-1200x627-px.jpg\" alt=\"Strona g\u0142\u00f3wna Neobet\" class=\"wp-image-48\"\/><\/figure>\n\n\n\n<h2 class=\"wp-block-heading\">premia<\/h2>\n\n\n\n<p>Nowi klienci, kt\u00f3rzy dokonaj\u0105 pierwszej wp\u0142aty w wysoko\u015bci od 10 do 25 euro za pomoc\u0105 karty kredytowej, Paysafecard lub przelewu bankowego, zwi\u0119ksz\u0105 swoje saldo o kolejne 200 %.<\/p>\n\n\n\n<p>Ta bardzo hojna oferta oznacza, \u017ce depozyt w wysoko\u015bci 25 \u20ac b\u0119dzie r\u00f3wny bonusowi w wysoko\u015bci 50 \u20ac, co daje 75 \u20ac na gr\u0119.<\/p>\n\n\n\n<p>Aby wyp\u0142aci\u0107 \u015brodki bonusowe, musisz postawi\u0107 pi\u0119ciokrotny zak\u0142ad ze wsp\u00f3\u0142czynnikiem co najmniej 1,5. Nie ma si\u0119 co spieszy\u0107, poniewa\u017c \u015brodki bonusowe pozostaj\u0105 aktywne przez okres 100 dni.<\/p>\n\n\n\n<p>Po spe\u0142nieniu warunk\u00f3w tej oferty pocz\u0105tkowej lub wyczerpaniu salda bonusowego mo\u017cesz skorzysta\u0107 z \u201ePro Bonus\u201d.<\/p>\n\n\n\n<p>Dzi\u0119ki tej dodatkowej ofercie dla istniej\u0105cych klient\u00f3w otrzymasz bonus depozytowy 100% w wysoko\u015bci do 150 \u20ac na takich samych warunkach, jak w ofercie wprowadzaj\u0105cej. Ponadto istnieje wiele sposob\u00f3w zasilenia konta, dzi\u0119ki kt\u00f3rym wszystko staje si\u0119 proste.<br><br>Wi\u0119cej informacji na temat \u015brodk\u00f3w bonusowych, bonus\u00f3w od depozytu i bonus\u00f3w bez depozytu w witrynach zak\u0142ad\u00f3w sportowych i kasyn mo\u017cna znale\u017a\u0107 na stronie: <a href=\"https:\/\/onlinecasinos24.de\/bonus-ohne-einzahlung\/\" target=\"_blank\" rel=\"noopener\">https:\/\/onlinecasinos24.de\/bonus-ohne-einzahlung\/<\/a><\/p>\n\n\n\n<h2 class=\"wp-block-heading\">Projekt i u\u017cyteczno\u015b\u0107 strony internetowej<\/h2>\n\n\n\n<p>W Neobet nie ma wielu silnych zwolennik\u00f3w, kt\u00f3rzy zamiast tego zdecydowali si\u0119 pozwoli\u0107, aby przem\u00f3wi\u0142 ich zestaw zak\u0142ad\u00f3w.<\/p>\n\n\n\n<p>Pod ruchomym banerem przedstawiaj\u0105cym r\u00f3\u017cne promocje i funkcje witryny, gdy po raz pierwszy wejdziesz na witryn\u0119, powita Ci\u0119 \u015bciana frakcji.<\/p>\n\n\n\n<p>Domy\u015blnie jako pierwsza wy\u015bwietlana jest pi\u0142ka no\u017cna, ale przewijaj dalej, a zobaczysz wszystkie inne sporty, kt\u00f3re Neobet ma do zaoferowania.<\/p>\n\n\n\n<p>Aby doda\u0107 dru\u017cyn\u0119 do ulubionych wystarczy klikn\u0105\u0107 gwiazdk\u0119 obok jej nazwy. Jest to jeden z najlepszych dodatk\u00f3w do do\u015b\u0107 prostego, ale zaskakuj\u0105co prostego projektu strony internetowej.<\/p>\n\n\n\n<h2 class=\"wp-block-heading\">Rejestracja<\/h2>\n\n\n\n<p>Dlatego proces rejestracji jest do\u015b\u0107 prosty. Wykonaj wszystkie poni\u017csze kroki, a proces ten zako\u0144czy si\u0119 sukcesem.<\/p>\n\n\n\n<ol class=\"wp-block-list\">\n<li>Po klikni\u0119ciu przycisku \u201eZarejestruj si\u0119\u201d znajduj\u0105cego si\u0119 w prawym g\u00f3rnym rogu ekranu.<\/li>\n\n\n\n<li>Zostaniesz poproszony o podanie numeru telefonu kom\u00f3rkowego lub adresu e-mail oraz has\u0142a sk\u0142adaj\u0105cego si\u0119 z co najmniej o\u015bmiu cyfr.<\/li>\n\n\n\n<li>Kiedy ju\u017c sko\u0144czysz, kliknij \u201eZarejestruj si\u0119\u201d, a zostaniesz przeniesiony do nowego ekranu z pro\u015bb\u0105 o wi\u0119cej informacji, kraj zamieszkania i numer telefonu kom\u00f3rkowego.<\/li>\n\n\n\n<li>To wszystko sprawia, \u017ce rejestracja w Neobet jest niezwykle bezbolesnym, szybkim i \u0142atwym procesem.<\/li>\n<\/ol>\n\n\n\n<figure class=\"wp-block-image\"><img decoding=\"async\" src=\"https:\/\/nxtec.de\/wp-content\/uploads\/2023\/09\/NEW-Starter-Bonus-DE-970x250-px.jpg\" alt=\"Zarejestruj si\u0119 w Neobet\" class=\"wp-image-50\"\/><\/figure>\n\n\n\n<h2 class=\"wp-block-heading\">Oferta zak\u0142ad\u00f3w<\/h2>\n\n\n\n<p>Dzi\u0119ki doskona\u0142emu systemowi kontroli wyp\u0142at Neobet gracze maj\u0105 pe\u0142n\u0105 kontrol\u0119 nad swoimi zak\u0142adami.<\/p>\n\n\n\n<p>Wykres kurs\u00f3w na \u017cywo pozwala dok\u0142adnie \u015bledzi\u0107, jak zmieni\u0142y si\u0119 kursy w trakcie konkretnej gry i jak zmieni\u0142a si\u0119 cena wyp\u0142aty.<\/p>\n\n\n\n<p>Dodatkowo Neobet umo\u017cliwia graczom ustawienie g\u00f3rnego i dolnego limitu wyp\u0142at dla swoich zak\u0142ad\u00f3w. Gdy cena wyp\u0142aty osi\u0105gnie dowolny limit, stawka zostanie wyp\u0142acona automatycznie, co pozwoli Ci \u0142atwo zminimalizowa\u0107 straty i zablokowa\u0107 zyski, co jest znane osobom, kt\u00f3re korzysta\u0142y z narz\u0119dzi do handlu finansowego lub platform spread\u00f3w.<\/p>\n\n\n\n<p>Je\u015bli jedna z Twoich przewidywa\u0144 trafi w \u015blepy zau\u0142ek, by\u0107 mo\u017ce opcja cz\u0119\u015bciowej wyp\u0142aty pomo\u017ce rozwi\u0105za\u0107 Twoj\u0105 zagadk\u0119. Ta funkcja umo\u017cliwia wcze\u015bniejsz\u0105 wyp\u0142at\u0119 cz\u0119\u015bci zak\u0142adu, a ta cz\u0119\u015b\u0107 zale\u017cy wy\u0142\u0105cznie od Ciebie.<\/p>\n\n\n\n<h2 class=\"wp-block-heading\">Kursy bukmacherskie<\/h2>\n\n\n\n<p>Neobet rzadko jest liderem na rynku pod wzgl\u0119dem kurs\u00f3w, ale oferuje og\u00f3lnie uczciwe ceny ze \u015bredni\u0105 stawk\u0105 wyp\u0142at wynosz\u0105c\u0105 92,9 %.<\/p>\n\n\n\n<p>Mo\u017cesz przegl\u0105da\u0107 kursy w formie u\u0142amkowej, dziesi\u0119tnej lub ameryka\u0144skiej.<\/p>\n\n\n\n<p>Bior\u0105c pod uwag\u0119 oferowane ceny, nale\u017cy pami\u0119ta\u0107, \u017ce Neobet zapewnia \u017cetony bonusowe za ka\u017cdy zak\u0142ad. Te \u017cetony bonusowe s\u0105 czterokrotnie zwi\u0119kszane w przypadku przegranego zak\u0142adu.<\/p>\n\n\n\n<p>Mo\u017cna je r\u00f3wnie\u017c wykorzysta\u0107 na bonusy depozytowe lub darmowe kredyty. 10 000 \u017ceton\u00f3w bonusowych r\u00f3wna si\u0119 50 \u20ac lub 100 bonus\u00f3w od depozytu % do 100 \u20ac.<\/p>\n\n\n\n<p>Gracze w Niemczech pobieraj\u0105 prowizj\u0119 w wysoko\u015bci 5 % za zak\u0142ady pojedyncze, ale prowizja jest zwracana w przypadku wszystkich zak\u0142ad\u00f3w kombinowanych. Zak\u0142ady poza granicami Niemiec s\u0105 ca\u0142kowicie zwolnione z tego podatku.<\/p>\n\n\n\n<h3 class=\"wp-block-heading\">Mini-raport na temat linii kurs\u00f3w<\/h3>\n\n\n\n<p>Trzeba powiedzie\u0107, \u017ce linie na Neobecie s\u0105 u\u0142o\u017cone w bardzo nietypowy spos\u00f3b. Nie po lewej stronie i w kolumnie, jak to cz\u0119sto bywa, ale na dodatkowym g\u00f3rnym panelu. Liczba ofert jest gorsza od wielu konkurent\u00f3w. Sam bukmacher twierdzi, \u017ce organizuje 600 konkurs\u00f3w dziennie, 20 000 miesi\u0119cznie i 9 000 miesi\u0119cznie na \u017cywo.<\/p>\n\n\n\n<p>Jest tylko 16 dyscyplin sportowych, wi\u0119c z grubsza rzecz bior\u0105c, nie ma nic do roboty poza pi\u0142k\u0105 no\u017cn\u0105. Lista wydarze\u0144 r\u00f3wnie\u017c nie jest zbyt obszerna: z wyj\u0105tkiem g\u0142\u00f3wnych rynk\u00f3w (wyniki oraz r\u00f3\u017cne rodzaje handicap\u00f3w i sum) istnieje kilka opcji statystyk i indywidualnych wska\u017anik\u00f3w dla \u201enajlepszych\u201d gier.<\/p>\n\n\n\n<p>Kursy w Neobet s\u0105 \u015brednie. R\u00f3wnowa\u017cne wyniki rzadko s\u0105 oceniane powy\u017cej 1,90. Mar\u017ca wynosi nie mniej ni\u017c 5%, a w przypadku mniej popularnych wydarze\u0144 znacznie wi\u0119cej.<\/p>\n\n\n\n<figure class=\"wp-block-image\"><img decoding=\"async\" src=\"https:\/\/nxtec.de\/wp-content\/uploads\/2023\/09\/NEW-Starter-Bonus-DE-970x250-px.jpg\" alt=\"Neobet Bonusy\" class=\"wp-image-49\"\/><\/figure>\n\n\n\n<h2 class=\"wp-block-heading\">Czym s\u0105 zak\u0142ady sportowe Neobet?<\/h2>\n\n\n\n<p>Neobet wy\u015bwietla tylko te dyscypliny sportowe, kt\u00f3re maj\u0105 w swoim menu co najmniej jedno wydarzenie. Mo\u017cesz obstawia\u0107 zak\u0142ady sportowe Neobet na to wydarzenie w okre\u015blonym czasie, wi\u0119c Twoje odkrycia r\u00f3\u017cni\u0105 si\u0119 nieznacznie z tygodnia na tydzie\u0144.<\/p>\n\n\n\n<p>Istnieje kilka wszechobecnych opcji, takich jak pi\u0142ka no\u017cna, tenis, koszyk\u00f3wka i hokej, a regularnie dost\u0119pna jest pi\u0142ka r\u0119czna, snooker, rugby i siatk\u00f3wka. Og\u00f3lnie rzecz bior\u0105c, wi\u0119kszo\u015b\u0107 sport\u00f3w, kt\u00f3rych mo\u017cna oczekiwa\u0107 od bukmacher\u00f3w online, jest tutaj.<br><br>W NXTEC kochamy gry \u2013 nie tylko zak\u0142ady sportowe. Je\u015bli szukasz pierwszorz\u0119dnej akcji kasynowej, polecamy naszego partnera <a href=\"https:\/\/stakecasino.com.pl\" target=\"_blank\" rel=\"noopener\">stakecasino.com.pl<\/a>.<\/p>\n\n\n\n<h3 class=\"wp-block-heading\">Dost\u0119pne rynki sportowe<\/h3>\n\n\n\n<p>Ka\u017cdy sport ma niewielk\u0105 liczb\u0119 dodatkowych rynk\u00f3w, kt\u00f3re s\u0105 wy\u015bwietlane na stronie g\u0142\u00f3wnej. Zwykle jest to wariant z handicapem\/rozproszeniem, ca\u0142kowita liczba bramek\/punkt\u00f3w, nast\u0119pny zdobyty gol\/punkt i obie dru\u017cyny musz\u0105 zdoby\u0107 bramk\u0119.<\/p>\n\n\n\n<p>Na te opcje mo\u017cesz obstawia\u0107 zar\u00f3wno wynik meczu, jak i pierwsz\u0105 po\u0142ow\u0119\/trzeci\u0105\/kwart\u0119 lub seta.<\/p>\n\n\n\n<p>Jednak klikni\u0119cie konkretnego zdarzenia otwiera do\u015b\u0107 skromny wyb\u00f3r innych opcji, takich jak: Dok\u0142adne rynki s\u0105 oczywi\u015bcie dostosowane do konkretnego sportu, ale niezale\u017cnie od tego, jaki to sport, nie masz wielu opcji do wyboru.<\/p>\n\n\n\n<p>W niekt\u00f3rych przypadkach istnieje tylko kilka opcji spread\u00f3w do wyboru dla zwyci\u0119skiej dru\u017cyny lub gracza, wi\u0119c wyb\u00f3r w Neobet jest og\u00f3lnie do\u015b\u0107 ograniczony w por\u00f3wnaniu z najlepszymi bukmacherami.<\/p>\n\n\n\n<p>Nie jest niczym niezwyk\u0142ym, \u017ce nawet u najwi\u0119kszych bukmacher\u00f3w, sporty takie jak tenis sto\u0142owy czy snooker maj\u0105 bardzo niewiele opcji.<\/p>\n\n\n\n<p>Jednak wi\u0119kszo\u015b\u0107 graczy mo\u017ce spodziewa\u0107 si\u0119 wi\u0119kszej g\u0142\u0119bi w grach takich jak pi\u0142ka no\u017cna, tenis i hokej. Kolejn\u0105 rzecz\u0105, kt\u00f3rej wydaje si\u0119 brakowa\u0107 na stronie Neo Bet, s\u0105 rynki bezpo\u015brednie.<\/p>\n\n\n\n<h2 class=\"wp-block-heading\">Zak\u0142ady na \u017cywo<\/h2>\n\n\n\n<p>Jak wida\u0107 na stronie zak\u0142ad\u00f3w sportowych, filtrowanie i wyszukiwanie wydarze\u0144 sportowych na \u017cywo jest \u0142atwe.<\/p>\n\n\n\n<p>Tak jak poprzednio, wyb\u00f3r dost\u0119pnych rynk\u00f3w jest stosunkowo niewielki, jednak Neobet cz\u0119\u015bciowo uzasadnia si\u0119 tym, \u017ce oferuje znaczn\u0105 liczb\u0119 wydarze\u0144 na \u017cywo.<\/p>\n\n\n\n<p>Serwis mo\u017ce na tym polu konkurowa\u0107 z najwi\u0119kszymi graczami w bran\u017cy, konsekwentnie relacjonuj\u0105c najwa\u017cniejsze wydarzenia sportowe z ca\u0142ego \u015bwiata.<\/p>\n\n\n\n<figure class=\"wp-block-image\"><img decoding=\"async\" src=\"https:\/\/nxtec.de\/wp-content\/uploads\/2023\/09\/neobet-live-wetten.png\" alt=\"Zak\u0142ady na \u017cywo Neobet\" class=\"wp-image-51\"\/><\/figure>\n\n\n\n<h2 class=\"wp-block-heading\">Ograniczenia dotycz\u0105ce kraju i wieku<\/h2>\n\n\n\n<p>Pami\u0119taj, \u017ce Neobet jest publicznie dost\u0119pny dla wszystkich mieszka\u0144c\u00f3w Niemiec. Oczywi\u015bcie pod warunkiem, \u017ce masz uko\u0144czone 18 lat. Ten stan ma na celu zapobieganie chorobie uzale\u017cnienia od hazardu \u2013 uzale\u017cnieniu od hazardu.<\/p>\n\n\n\n<h2 class=\"wp-block-heading\">Metody wp\u0142at i wyp\u0142at oraz p\u0142atno\u015bci<\/h2>\n\n\n\n<p>W poni\u017cszej tabeli mo\u017cesz zobaczy\u0107 r\u00f3\u017cne sposoby wp\u0142acania i wyp\u0142acania pieni\u0119dzy ze swojego konta.<\/p>\n\n\n\n<figure class=\"wp-block-table\"><table><tbody><tr><td>Metoda p\u0142atno\u015bci<\/td><td>Minimalny depozyt<\/td><td>Maksymalny depozyt<\/td><td>Czas na depozyt<\/td><td>Minimalna wyp\u0142ata<\/td><td>Maksymalna wyp\u0142ata<\/td><td>Czas si\u0119 wycofa\u0107<\/td><td>Podatek<\/td><\/tr><tr><td>Wizy<\/td><td>10 euro<\/td><td>5000 euro<\/td><td>natychmiast<\/td><td>20 euro<\/td><td>20 000 euro<\/td><td>1-3 dni<\/td><td>za darmo<\/td><\/tr><tr><td>Przelew bankowy<\/td><td>10 euro<\/td><td>bez limit\u00f3w<\/td><td>2-3 dni<\/td><td>20 euro<\/td><td>20 000 euro<\/td><td>1-3 dni<\/td><td>za darmo<\/td><\/tr><tr><td>Neteller<\/td><td>10 euro<\/td><td>1000 euro<\/td><td>natychmiast<\/td><td>20 euro<\/td><td>10 000 euro<\/td><td>natychmiast<\/td><td>3 % Twojego depozytu<\/td><\/tr><tr><td>Skrill<\/td><td>10 euro<\/td><td>1000 euro<\/td><td>natychmiast<\/td><td>20 euro<\/td><td>10 000 euro<\/td><td>natychmiast<\/td><td>3 % Twojego depozytu<\/td><\/tr><tr><td>Ufnie<\/td><td>10 euro<\/td><td>5000 euro<\/td><td>natychmiast<\/td><td>20 euro<\/td><td>20 000 euro<\/td><td>natychmiast<\/td><td>za darmo<\/td><\/tr><tr><td>Karta PaySafe<\/td><td>10 euro<\/td><td>500 euro<\/td><td>natychmiast<\/td><td>Nie dotyczy<\/td><td>Nie dotyczy<\/td><td>Nie dotyczy<\/td><td>za darmo<\/td><\/tr><tr><td>Natychmiast<\/td><td>10 euro<\/td><td>5000 euro<\/td><td>natychmiast<\/td><td>Nie dotyczy<\/td><td>Nie dotyczy<\/td><td>Nie dotyczy<\/td><td>za darmo<\/td><\/tr><tr><td>Neocoin<\/td><td>5N<\/td><td>200 N<\/td><td>natychmiast<\/td><td>Nie dotyczy<\/td><td>Nie dotyczy<\/td><td>Nie dotyczy<\/td><td>za darmo<\/td><\/tr><\/tbody><\/table><\/figure>\n\n\n\n<h2 class=\"wp-block-heading\">Prywatno\u015b\u0107 i ochrona<\/h2>\n\n\n\n<p>Aby chroni\u0107 Ciebie i Twoje dane osobowe, Neobet korzysta z certyfikatu SSL. Ponadto ich polityka prywatno\u015bci jest zgodna z zasadami europejskiego rozporz\u0105dzenia o ochronie danych.<\/p>\n\n\n\n<p>Aby zapobiec nieautoryzowanemu dost\u0119powi do Twojego konta, wszyscy u\u017cytkownicy s\u0105 automatycznie wylogowywani po kr\u00f3tkim okresie bezczynno\u015bci.<\/p>\n\n\n\n<p>Strona dzia\u0142a ju\u017c 4 lata i nie zanotowano \u017cadnych powa\u017cnych narusze\u0144 bezpiecze\u0144stwa, dlatego mo\u017cesz mie\u0107 pewno\u015b\u0107, \u017ce Twoje pieni\u0105dze i dane osobowe s\u0105 tutaj bezpieczne. Twoja polityka prywatno\u015bci jest r\u00f3wnie\u017c dobra.<\/p>\n\n\n\n<h2 class=\"wp-block-heading\">Obs\u0142uga klienta i kontakt<\/h2>\n\n\n\n<p>Funkcja czatu na \u017cywo umo\u017cliwia u\u017cytkownikom szybki i \u0142atwy kontakt z obs\u0142ug\u0105 klienta.<\/p>\n\n\n\n<p>Mo\u017cesz uzyska\u0107 do niego dost\u0119p w dowolnym momencie, klikaj\u0105c przycisk Wsparcie u g\u00f3ry ekranu.<\/p>\n\n\n\n<p>Je\u015bli chcesz porozmawia\u0107 z kim\u015b osobi\u015bcie przez telefon, mo\u017cesz poprosi\u0107 o bezp\u0142atn\u0105 rozmow\u0119 zwrotn\u0105, wype\u0142niaj\u0105c formularz na stronie obs\u0142ugi klienta.<\/p>\n\n\n\n<p>Wiadomo\u015b\u0107 e-mail mo\u017cna wys\u0142a\u0107 bezpiecznie, ale podczas korzystania z niej nie nale\u017cy do\u0142\u0105cza\u0107 poufnych dokument\u00f3w.<\/p>\n\n\n\n<p>Wystarczy je pobra\u0107 za po\u015brednictwem bezpiecznego systemu witryny.<\/p>\n\n\n\n<p>Je\u015bli masz pytanie dotycz\u0105ce konkretnego zak\u0142adu, kliknij bezpo\u015brednio na zak\u0142ad, a nast\u0119pnie wybierz \u201eWsparcie zak\u0142adu\u201d, a przedstawiciel obs\u0142ugi klienta Neobet skontaktuje si\u0119 z Tob\u0105 tak szybko, jak to mo\u017cliwe.<\/p>\n\n\n\n<figure class=\"wp-block-image\"><img decoding=\"async\" src=\"https:\/\/nxtec.de\/wp-content\/uploads\/2023\/09\/neobet-kontakt.png\" alt=\"Neobet Kontakt\" class=\"wp-image-52\"\/><\/figure>\n\n\n\n<h2 class=\"wp-block-heading\">Czy Neobet to powa\u017cna sprawa?<\/h2>\n\n\n\n<p>W rzeczywisto\u015bci Neobet cieszy si\u0119 reputacj\u0105, poniewa\u017c ma doskona\u0142y system szyfrowania danych, kt\u00f3ry chroni dane swoich klient\u00f3w przed hakerami. I r\u00f3wnie\u017c <a href=\"https:\/\/vegadreams.de\/spiele\/\" target=\"_blank\" rel=\"noopener\">\u015bwietne gry<\/a>sp\u0119dza\u0107 wolny czas.<\/p>\n\n\n\n<h2 class=\"wp-block-heading\">Wniosek<\/h2>\n\n\n\n<p>Neobet mo\u017ce nie jest jeszcze wielk\u0105 mark\u0105, ale braki nadrabia innowacyjno\u015bci\u0105.<\/p>\n\n\n\n<p>Niemiecka firma stawia poprzeczk\u0119 wysoko w zak\u0142adach sportowych, oferuj\u0105c \u015bwietny konfigurator zak\u0142ad\u00f3w osobistych i najlepsz\u0105 funkcjonalno\u015b\u0107 wyp\u0142at, jednocze\u015bnie nagradzaj\u0105c lojalnych klient\u00f3w \u017cetonami bonusowymi.<\/p>\n\n\n\n<p>Neobet obejmuje r\u00f3wnie\u017c szerok\u0105 gam\u0119 sport\u00f3w, ale zas\u0142uguje na uznanie za ustawienie poprzeczki tak wysoko w tej dziedzinie.<\/p>\n\n\n\n<p>Brakuje im jednak pewnych aspekt\u00f3w, w szczeg\u00f3lno\u015bci raczej ograniczonego zakresu rynk\u00f3w komplementarnych i wygl\u0105du zawieraj\u0105cego nieco du\u017ce ilo\u015bci danych, co mo\u017ce by\u0107 onie\u015bmielaj\u0105ce, dop\u00f3ki si\u0119 do nich nie przyzwyczaisz.<\/p>\n\n\n\n<p>Troch\u0119 rozczarowuje r\u00f3wnie\u017c to, \u017ce nie oferuj\u0105 transmisji na \u017cywo, ale mam nadziej\u0119, \u017ce wkr\u00f3tce pojawi\u0105 si\u0119 na stronie.<\/p>\n\n\n\n<p>Jest wi\u0119c jeszcze troch\u0119 do poprawy, ale obecnie dost\u0119pne fantastyczne funkcje oraz hojny bonus startowy sprawiaj\u0105, \u017ce Neobet jest miejscem, kt\u00f3rego zdecydowanie powiniene\u015b spr\u00f3bowa\u0107.<\/p>\n\n\n\n<h2 class=\"wp-block-heading\">Cz\u0119sto zadawane pytania<\/h2>\n\n\n\n<h3 class=\"wp-block-heading\">Co je\u015bli zapomn\u0119 has\u0142a?<\/h3>\n\n\n\n<p>W prawym g\u00f3rnym rogu okna logowania znajduje si\u0119 przycisk \u201eZapomnia\u0142em has\u0142a\u201d. Kliknij tutaj i podaj sw\u00f3j adres e-mail lub numer telefonu oraz dat\u0119 urodzenia. Po potwierdzeniu danych na numer telefonu kom\u00f3rkowego otrzymasz numer TAN, kt\u00f3ry nale\u017cy wprowadzi\u0107 wraz z nowym has\u0142em w kolejnym kroku.<\/p>\n\n\n\n<h3 class=\"wp-block-heading\">Czy mog\u0119 ustawi\u0107 limity dla mojego konta Neobet?<\/h3>\n\n\n\n<p>Kliknij Moje konto &gt; Saldo &gt; Limity, aby ustawi\u0107 limit dla swojego konta. Limit mo\u017ce odnosi\u0107 si\u0119 do kwoty depozytu, przegranej zak\u0142adu, zak\u0142adu lub czasu trwania sesji. Limit mo\u017cna zwi\u0119kszy\u0107 dopiero po siedmiu dniach, ale w ka\u017cdej chwili mo\u017cna go zmniejszy\u0107.<\/p>","protected":false},"excerpt":{"rendered":"<p>Teraz Internet jest pe\u0142en r\u00f3\u017cnych recenzji na temat Neobetu, ale niezbyt \u015bwie\u017cych. A wszystko dlatego, \u017ce ten bukmacher dzia\u0142a ju\u017c czwarty rok. R\u00f3wnie\u017c z tego powodu - w zwi\u0105zku z brakiem nowych recenzji, nasi specjali\u015bci postanowili stworzy\u0107 ten test Neobet. O Neobet Neobet to bukmacher internetowy za\u0142o\u017cony w 2018 roku o ugruntowanej pozycji\u2026<\/p>","protected":false},"author":1,"featured_media":0,"parent":0,"menu_order":0,"comment_status":"closed","ping_status":"closed","template":"","meta":{"footnotes":""},"class_list":["post-6","page","type-page","status-publish","hentry"],"_links":{"self":[{"href":"https:\/\/nxtec.de\/pl\/wp-json\/wp\/v2\/pages\/6","targetHints":{"allow":["GET"]}}],"collection":[{"href":"https:\/\/nxtec.de\/pl\/wp-json\/wp\/v2\/pages"}],"about":[{"href":"https:\/\/nxtec.de\/pl\/wp-json\/wp\/v2\/types\/page"}],"author":[{"embeddable":true,"href":"https:\/\/nxtec.de\/pl\/wp-json\/wp\/v2\/users\/1"}],"replies":[{"embeddable":true,"href":"https:\/\/nxtec.de\/pl\/wp-json\/wp\/v2\/comments?post=6"}],"version-history":[{"count":16,"href":"https:\/\/nxtec.de\/pl\/wp-json\/wp\/v2\/pages\/6\/revisions"}],"predecessor-version":[{"id":152,"href":"https:\/\/nxtec.de\/pl\/wp-json\/wp\/v2\/pages\/6\/revisions\/152"}],"wp:attachment":[{"href":"https:\/\/nxtec.de\/pl\/wp-json\/wp\/v2\/media?parent=6"}],"curies":[{"name":"wp","href":"https:\/\/api.w.org\/{rel}","templated":true}]}}